{"id":390,"date":"2025-09-24T12:23:59","date_gmt":"2025-09-24T12:23:59","guid":{"rendered":"https:\/\/stickobot.com\/?page_id=390"},"modified":"2025-12-16T17:45:06","modified_gmt":"2025-12-16T17:45:06","slug":"contactez-nous","status":"publish","type":"page","link":"https:\/\/stickobot.com\/en\/contactez-nous\/","title":{"rendered":"Contact us"},"content":{"rendered":"<div data-elementor-type=\"wp-page\" data-elementor-id=\"390\" class=\"elementor elementor-390\">\n\t\t\t\t<div class=\"elementor-element elementor-element-5560656 e-flex e-con-boxed e-con e-parent\" data-id=\"5560656\" data-element_type=\"container\" data-e-type=\"container\" data-settings=\"{&quot;background_background&quot;:&quot;classic&quot;}\">\n\t\t\t\t\t<div class=\"e-con-inner\">\n\t\t<div class=\"elementor-element elementor-element-82526f3 e-con-full animated-slow e-flex elementor-invisible e-con e-child\" data-id=\"82526f3\" data-element_type=\"container\" data-e-type=\"container\" data-settings=\"{&quot;animation&quot;:&quot;fadeInUp&quot;}\">\n\t\t\t\t<div class=\"elementor-element elementor-element-6699bf6 elementor-widget elementor-widget-heading\" data-id=\"6699bf6\" data-element_type=\"widget\" data-e-type=\"widget\" data-widget_type=\"heading.default\">\n\t\t\t\t\t<h1 class=\"elementor-heading-title elementor-size-default\">Contact us<\/h1>\t\t\t\t<\/div>\n\t\t\t\t<\/div>\n\t\t\t\t\t<\/div>\n\t\t\t\t<\/div>\n\t\t<div class=\"elementor-element elementor-element-31f66bb e-con-full e-flex e-con e-parent\" data-id=\"31f66bb\" data-element_type=\"container\" data-e-type=\"container\" data-settings=\"{&quot;background_background&quot;:&quot;classic&quot;}\">\n\t\t\t\t<div class=\"elementor-element elementor-element-ec20cb2 elementor-widget elementor-widget-text-editor\" data-id=\"ec20cb2\" data-element_type=\"widget\" data-e-type=\"widget\" data-widget_type=\"text-editor.default\">\n\t\t\t\t\t\t\t\t\t<marquee>\n  One tool, endless applications |\nBecome one with the machine |\nA single, universal, wireless-rechargeable touch stylus for robots\n<\/marquee>\n\t\t\t\t\t\t\t\t<\/div>\n\t\t\t\t<\/div>\n\t\t<div class=\"elementor-element elementor-element-805466e e-flex e-con-boxed e-con e-parent\" data-id=\"805466e\" data-element_type=\"container\" data-e-type=\"container\" data-settings=\"{&quot;background_background&quot;:&quot;classic&quot;}\">\n\t\t\t\t\t<div class=\"e-con-inner\">\n\t\t<div class=\"elementor-element elementor-element-c62d325 e-con-full e-flex e-con e-child\" data-id=\"c62d325\" data-element_type=\"container\" data-e-type=\"container\">\n\t\t\t\t<div class=\"elementor-element elementor-element-dec7a09 elementor-widget elementor-widget-heading\" data-id=\"dec7a09\" data-element_type=\"widget\" data-e-type=\"widget\" data-widget_type=\"heading.default\">\n\t\t\t\t\t<p class=\"elementor-heading-title elementor-size-default\">Contact our team quickly<\/p>\t\t\t\t<\/div>\n\t\t\t\t<div class=\"elementor-element elementor-element-f33f9c9 elementor-widget elementor-widget-heading\" data-id=\"f33f9c9\" data-element_type=\"widget\" data-e-type=\"widget\" data-widget_type=\"heading.default\">\n\t\t\t\t\t<h1 class=\"elementor-heading-title elementor-size-default\">Write to Us Today<\/h1>\t\t\t\t<\/div>\n\t\t\t\t<div class=\"elementor-element elementor-element-d4e1a37 elementor-widget elementor-widget-text-editor\" data-id=\"d4e1a37\" data-element_type=\"widget\" data-e-type=\"widget\" data-widget_type=\"text-editor.default\">\n\t\t\t\t\t\t\t\t\t<p>Contact us for any questions or support. Our team is ready to help you quickly.<\/p>\t\t\t\t\t\t\t\t<\/div>\n\t\t<div class=\"elementor-element elementor-element-1dcd9aa e-con-full e-flex e-con e-child\" data-id=\"1dcd9aa\" data-element_type=\"container\" data-e-type=\"container\">\n\t\t\t\t<div class=\"elementor-element elementor-element-cf15b51 elementor-position-inline-start elementor-widget__width-initial elementor-widget-tablet__width-initial elementor-view-default elementor-widget elementor-widget-icon-box\" data-id=\"cf15b51\" data-element_type=\"widget\" data-e-type=\"widget\" data-widget_type=\"icon-box.default\">\n\t\t\t\t\t\t\t<div class=\"elementor-icon-box-wrapper\">\n\n\t\t\t\t\t\t<div class=\"elementor-icon-box-icon\">\n\t\t\t\t<span  class=\"elementor-icon\">\n\t\t\t\t<svg aria-hidden=\"true\" class=\"e-font-icon-svg e-fas-map-marker-alt\" viewbox=\"0 0 384 512\" xmlns=\"http:\/\/www.w3.org\/2000\/svg\"><path d=\"M172.268 501.67C26.97 291.031 0 269.413 0 192 0 85.961 85.961 0 192 0s192 85.961 192 192c0 77.413-26.97 99.031-172.268 309.67-9.535 13.774-29.93 13.773-39.464 0zM192 272c44.183 0 80-35.817 80-80s-35.817-80-80-80-80 35.817-80 80 35.817 80 80 80z\"><\/path><\/svg>\t\t\t\t<\/span>\n\t\t\t<\/div>\n\t\t\t\n\t\t\t\t\t\t<div class=\"elementor-icon-box-content\">\n\n\t\t\t\t\t\t\t\t\t<h3 class=\"elementor-icon-box-title\">\n\t\t\t\t\t\t<span  >\n\t\t\t\t\t\t\tLocation\t\t\t\t\t\t<\/span>\n\t\t\t\t\t<\/h3>\n\t\t\t\t\n\t\t\t\t\t\t\t\t\t<p class=\"elementor-icon-box-description\">\n\t\t\t\t\t\t<h2 style=\"margin: 0px;padding: 0px;border: 0px;font-weight: 500;font-size: 1.1vw;line-height: 1.3vw;, Arial, sans-serif;vertical-align: baseline;letter-spacing: normal\">997-2 avenue Bergeron St-Agapit, Qu\u00e9bec, Canada,&nbsp;<\/h2><h2 style=\"margin: 0px;padding: 0px;border: 0px;font-weight: 500;font-size: 1.1vw;line-height: 1.3vw;, Arial, sans-serif;vertical-align: baseline;letter-spacing: normal\">G0S 1Z0<\/h2>\t\t\t\t\t<\/p>\n\t\t\t\t\n\t\t\t<\/div>\n\t\t\t\n\t\t<\/div>\n\t\t\t\t\t\t<\/div>\n\t\t\t\t<\/div>\n\t\t<div class=\"elementor-element elementor-element-cf737ac e-con-full e-flex e-con e-child\" data-id=\"cf737ac\" data-element_type=\"container\" data-e-type=\"container\">\n\t\t\t\t<div class=\"elementor-element elementor-element-1a5506c elementor-position-inline-start elementor-widget__width-initial elementor-widget-tablet__width-initial elementor-view-default elementor-widget elementor-widget-icon-box\" data-id=\"1a5506c\" data-element_type=\"widget\" data-e-type=\"widget\" data-widget_type=\"icon-box.default\">\n\t\t\t\t\t\t\t<div class=\"elementor-icon-box-wrapper\">\n\n\t\t\t\t\t\t<div class=\"elementor-icon-box-icon\">\n\t\t\t\t<a href=\"\/en\/Phone\/\" class=\"elementor-icon\" tabindex=\"-1\" aria-label=\"Phone\">\n\t\t\t\t<svg aria-hidden=\"true\" class=\"e-font-icon-svg e-fas-phone-alt\" viewbox=\"0 0 512 512\" xmlns=\"http:\/\/www.w3.org\/2000\/svg\"><path d=\"M497.39 361.8l-112-48a24 24 0 0 0-28 6.9l-49.6 60.6A370.66 370.66 0 0 1 130.6 204.11l60.6-49.6a23.94 23.94 0 0 0 6.9-28l-48-112A24.16 24.16 0 0 0 122.6.61l-104 24A24 24 0 0 0 0 48c0 256.5 207.9 464 464 464a24 24 0 0 0 23.4-18.6l24-104a24.29 24.29 0 0 0-14.01-27.6z\"><\/path><\/svg>\t\t\t\t<\/a>\n\t\t\t<\/div>\n\t\t\t\n\t\t\t\t\t\t<div class=\"elementor-icon-box-content\">\n\n\t\t\t\t\t\t\t\t\t<h3 class=\"elementor-icon-box-title\">\n\t\t\t\t\t\t<a href=\"\/en\/Phone\/\" >\n\t\t\t\t\t\t\tPhone\t\t\t\t\t\t<\/a>\n\t\t\t\t\t<\/h3>\n\t\t\t\t\n\t\t\t\t\t\t\t\t\t<p class=\"elementor-icon-box-description\">\n\t\t\t\t\t\t(418) 579-7723\t\t\t\t\t<\/p>\n\t\t\t\t\n\t\t\t<\/div>\n\t\t\t\n\t\t<\/div>\n\t\t\t\t\t\t<\/div>\n\t\t\t\t<div class=\"elementor-element elementor-element-40db52e elementor-position-inline-start elementor-widget__width-initial elementor-widget-tablet__width-initial elementor-view-default elementor-widget elementor-widget-icon-box\" data-id=\"40db52e\" data-element_type=\"widget\" data-e-type=\"widget\" data-widget_type=\"icon-box.default\">\n\t\t\t\t\t\t\t<div class=\"elementor-icon-box-wrapper\">\n\n\t\t\t\t\t\t<div class=\"elementor-icon-box-icon\">\n\t\t\t\t<span  class=\"elementor-icon\">\n\t\t\t\t<svg aria-hidden=\"true\" class=\"e-font-icon-svg e-fas-envelope\" viewbox=\"0 0 512 512\" xmlns=\"http:\/\/www.w3.org\/2000\/svg\"><path d=\"M502.3 190.8c3.9-3.1 9.7-.2 9.7 4.7V400c0 26.5-21.5 48-48 48H48c-26.5 0-48-21.5-48-48V195.6c0-5 5.7-7.8 9.7-4.7 22.4 17.4 52.1 39.5 154.1 113.6 21.1 15.4 56.7 47.8 92.2 47.6 35.7.3 72-32.8 92.3-47.6 102-74.1 131.6-96.3 154-113.7zM256 320c23.2.4 56.6-29.2 73.4-41.4 132.7-96.3 142.8-104.7 173.4-128.7 5.8-4.5 9.2-11.5 9.2-18.9v-19c0-26.5-21.5-48-48-48H48C21.5 64 0 85.5 0 112v19c0 7.4 3.4 14.3 9.2 18.9 30.6 23.9 40.7 32.4 173.4 128.7 16.8 12.2 50.2 41.8 73.4 41.4z\"><\/path><\/svg>\t\t\t\t<\/span>\n\t\t\t<\/div>\n\t\t\t\n\t\t\t\t\t\t<div class=\"elementor-icon-box-content\">\n\n\t\t\t\t\t\t\t\t\t<h3 class=\"elementor-icon-box-title\">\n\t\t\t\t\t\t<span  >\n\t\t\t\t\t\t\tE-mail\t\t\t\t\t\t<\/span>\n\t\t\t\t\t<\/h3>\n\t\t\t\t\n\t\t\t\t\t\t\t\t\t<p class=\"elementor-icon-box-description\">\n\t\t\t\t\t\tinfo@techjig.ca\t\t\t\t\t<\/p>\n\t\t\t\t\n\t\t\t<\/div>\n\t\t\t\n\t\t<\/div>\n\t\t\t\t\t\t<\/div>\n\t\t\t\t<\/div>\n\t\t\t\t<\/div>\n\t\t\t\t\t<\/div>\n\t\t\t\t<\/div>\n\t\t<div class=\"elementor-element elementor-element-8bc2b91 contact-wrap-two e-flex e-con-boxed e-con e-parent\" data-id=\"8bc2b91\" data-element_type=\"container\" data-e-type=\"container\" data-settings=\"{&quot;background_background&quot;:&quot;classic&quot;}\">\n\t\t\t\t\t<div class=\"e-con-inner\">\n\t\t<div class=\"elementor-element elementor-element-fd45c80 e-con-full e-flex e-con e-child\" data-id=\"fd45c80\" data-element_type=\"container\" data-e-type=\"container\">\n\t\t\t\t<div class=\"elementor-element elementor-element-d8d15ea elementor-widget elementor-widget-google_maps\" data-id=\"d8d15ea\" data-element_type=\"widget\" data-e-type=\"widget\" data-widget_type=\"google_maps.default\">\n\t\t\t\t\t\t\t<div class=\"elementor-custom-embed\">\n\t\t\t<iframe loading=\"lazy\"\n\t\t\t\t\tsrc=\"https:\/\/maps.google.com\/maps?q=997%20avenue%20Bergeron%20St-Agapit%2C%20Qu%C3%A9bec%2C%20Canada%2C%20G0S%201Z0&#038;t=m&#038;z=10&#038;output=embed&#038;iwloc=near\"\n\t\t\t\t\ttitle=\"997 avenue Bergeron St-Agapit, Qu\u00e9bec, Canada, G0S 1Z0\"\n\t\t\t\t\taria-label=\"997 avenue Bergeron St-Agapit, Qu\u00e9bec, Canada, G0S 1Z0\"\n\t\t\t><\/iframe>\n\t\t<\/div>\n\t\t\t\t\t\t<\/div>\n\t\t\t\t<\/div>\n\t\t<div class=\"elementor-element elementor-element-7b5528c e-con-full e-flex e-con e-child\" data-id=\"7b5528c\" data-element_type=\"container\" data-e-type=\"container\" data-settings=\"{&quot;background_background&quot;:&quot;classic&quot;}\">\n\t\t\t\t<div class=\"elementor-element elementor-element-42683ad elementor-widget elementor-widget-shortcode\" data-id=\"42683ad\" data-element_type=\"widget\" data-e-type=\"widget\" data-widget_type=\"shortcode.default\">\n\t\t\t\t\t\t\t<div class=\"elementor-shortcode\">\n<div class=\"wpcf7 no-js\" id=\"wpcf7-f657-o1\" lang=\"en-US\" dir=\"ltr\" data-wpcf7-id=\"657\">\n<div class=\"screen-reader-response\"><p role=\"status\" aria-live=\"polite\" aria-atomic=\"true\"><\/p> <ul><\/ul><\/div>\n<form action=\"\/en\/wp-json\/wp\/v2\/pages\/390#wpcf7-f657-o1\" method=\"post\" class=\"wpcf7-form init\" aria-label=\"Contact form\" novalidate=\"novalidate\" data-status=\"init\" data-trp-original-action=\"\/en\/wp-json\/wp\/v2\/pages\/390#wpcf7-f657-o1\">\n<fieldset class=\"hidden-fields-container\"><input type=\"hidden\" name=\"_wpcf7\" value=\"657\" \/><input type=\"hidden\" name=\"_wpcf7_version\" value=\"6.1.4\" \/><input type=\"hidden\" name=\"_wpcf7_locale\" value=\"en_US\" \/><input type=\"hidden\" name=\"_wpcf7_unit_tag\" value=\"wpcf7-f657-o1\" \/><input type=\"hidden\" name=\"_wpcf7_container_post\" value=\"0\" \/><input type=\"hidden\" name=\"_wpcf7_posted_data_hash\" value=\"\" \/>\n<\/fieldset>\n<div class=\"career-form-wrap\">\n\t<div class=\"form-row\">\n\t\t<div class=\"form-group half\">\n\t\t\t<p><label>Name<br \/>\n<span class=\"wpcf7-form-control-wrap\" data-name=\"prenom\"><input size=\"40\" maxlength=\"400\" class=\"wpcf7-form-control wpcf7-text wpcf7-validates-as-required\" aria-required=\"true\" aria-invalid=\"false\" placeholder=\"Name\" value=\"\" type=\"text\" name=\"prenom\" \/><\/span><br \/>\n<\/label>\n\t\t\t<\/p>\n\t\t<\/div>\n\t\t<div class=\"form-group half\">\n\t\t\t<p><label>Last Name<br \/>\n<span class=\"wpcf7-form-control-wrap\" data-name=\"nomdefamille\"><input size=\"40\" maxlength=\"400\" class=\"wpcf7-form-control wpcf7-text wpcf7-validates-as-required\" aria-required=\"true\" aria-invalid=\"false\" placeholder=\"Last Name\" value=\"\" type=\"text\" name=\"nomdefamille\" \/><\/span><br \/>\n<\/label>\n\t\t\t<\/p>\n\t\t<\/div>\n\t<\/div>\n\t<div class=\"form-row\">\n\t\t<div class=\"form-group full\">\n\t\t\t<p><label>E-mail *<br \/>\n<span class=\"wpcf7-form-control-wrap\" data-name=\"email\"><input size=\"40\" maxlength=\"400\" class=\"wpcf7-form-control wpcf7-email wpcf7-validates-as-required wpcf7-text wpcf7-validates-as-email\" aria-required=\"true\" aria-invalid=\"false\" placeholder=\"E-mail\" value=\"\" type=\"email\" name=\"email\" \/><\/span><br \/>\n<\/label>\n\t\t\t<\/p>\n\t\t<\/div>\n\t<\/div>\n\t<div class=\"form-row\">\n\t\t<div class=\"form-group full\">\n\t\t\t<p><label>Phone<br \/>\n<span class=\"wpcf7-form-control-wrap\" data-name=\"telephone\"><input size=\"40\" maxlength=\"400\" class=\"wpcf7-form-control wpcf7-tel wpcf7-validates-as-required wpcf7-text wpcf7-validates-as-tel\" aria-required=\"true\" aria-invalid=\"false\" placeholder=\"Enter your phone number\" value=\"\" type=\"tel\" name=\"telephone\" \/><\/span><br \/>\n<\/label>\n\t\t\t<\/p>\n\t\t<\/div>\n\t<\/div>\n\t<div class=\"form-row\">\n\t\t<div class=\"form-group full\">\n\t\t\t<p><label>Message *<br \/>\n<span class=\"wpcf7-form-control-wrap\" data-name=\"message\"><textarea cols=\"40\" rows=\"10\" maxlength=\"2000\" class=\"wpcf7-form-control wpcf7-textarea wpcf7-validates-as-required\" aria-required=\"true\" aria-invalid=\"false\" placeholder=\"Message *\" name=\"message\"><\/textarea><\/span><br \/>\n<\/label>\n\t\t\t<\/p>\n\t\t<\/div>\n\t<\/div>\n\t<div class=\"form-row submit-row\">\n\t\t<p><input class=\"wpcf7-form-control wpcf7-submit has-spinner\" type=\"submit\" value=\"Send a message\" \/>\n\t\t<\/p>\n\t<\/div>\n<\/div><input type='hidden' class='wpcf7-pum' value='{\"closepopup\":false,\"closedelay\":0,\"openpopup\":false,\"openpopup_id\":0}' \/><div class=\"wpcf7-response-output\" aria-hidden=\"true\"><\/div>\n<input type=\"hidden\" name=\"trp-form-language\" value=\"en\"\/><\/form>\n<\/div>\n<\/div>\n\t\t\t\t\t\t<\/div>\n\t\t\t\t<\/div>\n\t\t\t\t\t<\/div>\n\t\t\t\t<\/div>\n\t\t\t\t<\/div>\n\t\t\n    <div class=\"xs_social_share_widget xs_share_url after_content \t\tmain_content  wslu-style-1 wslu-share-box-shaped wslu-fill-colored wslu-none wslu-share-horizontal wslu-theme-font-no wslu-main_content\">\n\n\t\t\n        <ul>\n\t\t\t        <\/ul>\n    <\/div>","protected":false},"excerpt":{"rendered":"<p>Contactez-nous Un seul outil, des applications infinies | Ne faites qu&rsquo;un avec la machine | Un seul et unique stylet tactile rechargeable sans fil pour robot universel Contactez notre \u00e9quipe rapidement \u00c9crivez-Nous Aujourd\u2019hui Contactez-nous pour toute question ou support. Notre \u00e9quipe est pr\u00eate \u00e0 vous aider rapidement. Emplacement 997-2 avenue Bergeron St-Agapit, Qu\u00e9bec, Canada,&nbsp; G0S [&hellip;]<\/p>\n","protected":false},"author":2,"featured_media":0,"parent":0,"menu_order":0,"comment_status":"closed","ping_status":"closed","template":"","meta":{"postBodyCss":"","postBodyMargin":[],"postBodyPadding":[],"postBodyBackground":{"backgroundType":"classic","gradient":""},"footnotes":""},"class_list":["post-390","page","type-page","status-publish","hentry"],"yoast_head":"<!-- This site is optimized with the Yoast SEO plugin v27.4 - https:\/\/yoast.com\/product\/yoast-seo-wordpress\/ -->\n<title>Contactez-nous - Stickobot<\/title>\n<meta name=\"robots\" content=\"index, follow, max-snippet:-1, max-image-preview:large, max-video-preview:-1\" \/>\n<link rel=\"canonical\" href=\"https:\/\/stickobot.com\/en\/contactez-nous\/\" \/>\n<meta property=\"og:locale\" content=\"en_US\" \/>\n<meta property=\"og:type\" content=\"article\" \/>\n<meta property=\"og:title\" content=\"Contactez-nous - Stickobot\" \/>\n<meta property=\"og:description\" content=\"Contactez-nous Un seul outil, des applications infinies | Ne faites qu&rsquo;un avec la machine | Un seul et unique stylet tactile rechargeable sans fil pour robot universel Contactez notre \u00e9quipe rapidement \u00c9crivez-Nous Aujourd\u2019hui Contactez-nous pour toute question ou support. Notre \u00e9quipe est pr\u00eate \u00e0 vous aider rapidement. Emplacement 997-2 avenue Bergeron St-Agapit, Qu\u00e9bec, Canada,&nbsp; G0S [&hellip;]\" \/>\n<meta property=\"og:url\" content=\"https:\/\/stickobot.com\/en\/contactez-nous\/\" \/>\n<meta property=\"og:site_name\" content=\"Stickobot\" \/>\n<meta property=\"article:publisher\" content=\"https:\/\/www.facebook.com\/profile.php?id=61583789220353\" \/>\n<meta property=\"article:modified_time\" content=\"2025-12-16T17:45:06+00:00\" \/>\n<meta name=\"twitter:card\" content=\"summary_large_image\" \/>\n<meta name=\"twitter:label1\" content=\"Est. reading time\" \/>\n\t<meta name=\"twitter:data1\" content=\"1 minute\" \/>\n<script type=\"application\/ld+json\" class=\"yoast-schema-graph\">{\"@context\":\"https:\\\/\\\/schema.org\",\"@graph\":[{\"@type\":\"WebPage\",\"@id\":\"https:\\\/\\\/stickobot.com\\\/contactez-nous\\\/\",\"url\":\"https:\\\/\\\/stickobot.com\\\/contactez-nous\\\/\",\"name\":\"Contactez-nous - Stickobot\",\"isPartOf\":{\"@id\":\"https:\\\/\\\/stickobot.com\\\/#website\"},\"datePublished\":\"2025-09-24T12:23:59+00:00\",\"dateModified\":\"2025-12-16T17:45:06+00:00\",\"breadcrumb\":{\"@id\":\"https:\\\/\\\/stickobot.com\\\/contactez-nous\\\/#breadcrumb\"},\"inLanguage\":\"en-US\",\"potentialAction\":[{\"@type\":\"ReadAction\",\"target\":[\"https:\\\/\\\/stickobot.com\\\/contactez-nous\\\/\"]}]},{\"@type\":\"BreadcrumbList\",\"@id\":\"https:\\\/\\\/stickobot.com\\\/contactez-nous\\\/#breadcrumb\",\"itemListElement\":[{\"@type\":\"ListItem\",\"position\":1,\"name\":\"Home\",\"item\":\"https:\\\/\\\/stickobot.com\\\/\"},{\"@type\":\"ListItem\",\"position\":2,\"name\":\"Contactez-nous\"}]},{\"@type\":\"WebSite\",\"@id\":\"https:\\\/\\\/stickobot.com\\\/#website\",\"url\":\"https:\\\/\\\/stickobot.com\\\/\",\"name\":\"SticK\u00f4bot\",\"description\":\"\",\"publisher\":{\"@id\":\"https:\\\/\\\/stickobot.com\\\/#organization\"},\"potentialAction\":[{\"@type\":\"SearchAction\",\"target\":{\"@type\":\"EntryPoint\",\"urlTemplate\":\"https:\\\/\\\/stickobot.com\\\/?s={search_term_string}\"},\"query-input\":{\"@type\":\"PropertyValueSpecification\",\"valueRequired\":true,\"valueName\":\"search_term_string\"}}],\"inLanguage\":\"en-US\"},{\"@type\":\"Organization\",\"@id\":\"https:\\\/\\\/stickobot.com\\\/#organization\",\"name\":\"TechJig\",\"url\":\"https:\\\/\\\/stickobot.com\\\/\",\"logo\":{\"@type\":\"ImageObject\",\"inLanguage\":\"en-US\",\"@id\":\"https:\\\/\\\/stickobot.com\\\/#\\\/schema\\\/logo\\\/image\\\/\",\"url\":\"https:\\\/\\\/stickobot.com\\\/wp-content\\\/uploads\\\/2025\\\/11\\\/Slide-2.jpg\",\"contentUrl\":\"https:\\\/\\\/stickobot.com\\\/wp-content\\\/uploads\\\/2025\\\/11\\\/Slide-2.jpg\",\"width\":1280,\"height\":720,\"caption\":\"TechJig\"},\"image\":{\"@id\":\"https:\\\/\\\/stickobot.com\\\/#\\\/schema\\\/logo\\\/image\\\/\"},\"sameAs\":[\"https:\\\/\\\/www.facebook.com\\\/profile.php?id=61583789220353\"]}]}<\/script>\n<!-- \/ Yoast SEO plugin. -->","yoast_head_json":{"title":"Contactez-nous - Stickobot","robots":{"index":"index","follow":"follow","max-snippet":"max-snippet:-1","max-image-preview":"max-image-preview:large","max-video-preview":"max-video-preview:-1"},"canonical":"https:\/\/stickobot.com\/en\/contactez-nous\/","og_locale":"en_US","og_type":"article","og_title":"Contactez-nous - Stickobot","og_description":"Contactez-nous Un seul outil, des applications infinies | Ne faites qu&rsquo;un avec la machine | Un seul et unique stylet tactile rechargeable sans fil pour robot universel Contactez notre \u00e9quipe rapidement \u00c9crivez-Nous Aujourd\u2019hui Contactez-nous pour toute question ou support. Notre \u00e9quipe est pr\u00eate \u00e0 vous aider rapidement. Emplacement 997-2 avenue Bergeron St-Agapit, Qu\u00e9bec, Canada,&nbsp; G0S [&hellip;]","og_url":"https:\/\/stickobot.com\/en\/contactez-nous\/","og_site_name":"Stickobot","article_publisher":"https:\/\/www.facebook.com\/profile.php?id=61583789220353","article_modified_time":"2025-12-16T17:45:06+00:00","twitter_card":"summary_large_image","twitter_misc":{"Est. reading time":"1 minute"},"schema":{"@context":"https:\/\/schema.org","@graph":[{"@type":"WebPage","@id":"https:\/\/stickobot.com\/contactez-nous\/","url":"https:\/\/stickobot.com\/contactez-nous\/","name":"Contactez-nous - Stickobot","isPartOf":{"@id":"https:\/\/stickobot.com\/#website"},"datePublished":"2025-09-24T12:23:59+00:00","dateModified":"2025-12-16T17:45:06+00:00","breadcrumb":{"@id":"https:\/\/stickobot.com\/contactez-nous\/#breadcrumb"},"inLanguage":"en-US","potentialAction":[{"@type":"ReadAction","target":["https:\/\/stickobot.com\/contactez-nous\/"]}]},{"@type":"BreadcrumbList","@id":"https:\/\/stickobot.com\/contactez-nous\/#breadcrumb","itemListElement":[{"@type":"ListItem","position":1,"name":"Home","item":"https:\/\/stickobot.com\/"},{"@type":"ListItem","position":2,"name":"Contactez-nous"}]},{"@type":"WebSite","@id":"https:\/\/stickobot.com\/#website","url":"https:\/\/stickobot.com\/","name":"SticK\u00f4bot","description":"","publisher":{"@id":"https:\/\/stickobot.com\/#organization"},"potentialAction":[{"@type":"SearchAction","target":{"@type":"EntryPoint","urlTemplate":"https:\/\/stickobot.com\/?s={search_term_string}"},"query-input":{"@type":"PropertyValueSpecification","valueRequired":true,"valueName":"search_term_string"}}],"inLanguage":"en-US"},{"@type":"Organization","@id":"https:\/\/stickobot.com\/#organization","name":"TechJig","url":"https:\/\/stickobot.com\/","logo":{"@type":"ImageObject","inLanguage":"en-US","@id":"https:\/\/stickobot.com\/#\/schema\/logo\/image\/","url":"https:\/\/stickobot.com\/wp-content\/uploads\/2025\/11\/Slide-2.jpg","contentUrl":"https:\/\/stickobot.com\/wp-content\/uploads\/2025\/11\/Slide-2.jpg","width":1280,"height":720,"caption":"TechJig"},"image":{"@id":"https:\/\/stickobot.com\/#\/schema\/logo\/image\/"},"sameAs":["https:\/\/www.facebook.com\/profile.php?id=61583789220353"]}]}},"_links":{"self":[{"href":"https:\/\/stickobot.com\/en\/wp-json\/wp\/v2\/pages\/390","targetHints":{"allow":["GET"]}}],"collection":[{"href":"https:\/\/stickobot.com\/en\/wp-json\/wp\/v2\/pages"}],"about":[{"href":"https:\/\/stickobot.com\/en\/wp-json\/wp\/v2\/types\/page"}],"author":[{"embeddable":true,"href":"https:\/\/stickobot.com\/en\/wp-json\/wp\/v2\/users\/2"}],"replies":[{"embeddable":true,"href":"https:\/\/stickobot.com\/en\/wp-json\/wp\/v2\/comments?post=390"}],"version-history":[{"count":124,"href":"https:\/\/stickobot.com\/en\/wp-json\/wp\/v2\/pages\/390\/revisions"}],"predecessor-version":[{"id":1035,"href":"https:\/\/stickobot.com\/en\/wp-json\/wp\/v2\/pages\/390\/revisions\/1035"}],"wp:attachment":[{"href":"https:\/\/stickobot.com\/en\/wp-json\/wp\/v2\/media?parent=390"}],"curies":[{"name":"wp","href":"https:\/\/api.w.org\/{rel}","templated":true}]}}